{"id":395,"date":"2023-10-27T14:42:08","date_gmt":"2023-10-27T14:42:08","guid":{"rendered":"https:\/\/chadyborgi.com\/sellers\/"},"modified":"2023-11-22T18:51:56","modified_gmt":"2023-11-22T18:51:56","slug":"vendeurs","status":"publish","type":"page","link":"https:\/\/chadborgi.com\/fr\/vendeurs\/","title":{"rendered":"Vendeurs"},"content":{"rendered":"<p>Vendre votre propri\u00e9t\u00e9 devrait \u00eatre facile. Mon travail consiste \u00e0 faire en sorte que votre exp\u00e9rience soit harmonieuse et sans stress. Pour pr\u00e9parer votre maison \u00e0 entrer sur le march\u00e9, vous devez notamment organiser vos documents. Ce n\u2019est pas la partie la plus excitante, mais c\u2019est absolument essentiel pour nous assurer que les informations dont nous disposons sont exactes et compl\u00e8tes.<\/p>\n<p>Une bonne pr\u00e9paration est essentielle au processus de vente de votre maison. Ceux qui peuvent fournir des informations compl\u00e8tes en un instant envoient un message fort aux acheteurs potentiels : cette maison est un livre ouvert et le vendeur est un individu responsable. Les acheteurs vont certainement en prendre note!<\/p>\n<p>Pour vous aider \u00e0 d\u00e9marrer, je vous enverrai volontiers une liste des principaux documents dont vous aurez besoin pour vendre votre maison. Dans certains cas, vous n\u2019aurez que des copies papier, bien que la plupart des documents sont num\u00e9ris\u00e9s de nos jours. Ne vous inqui\u00e9tez pas du format que vous avez, assurez-vous simplement de mettre la main sur la bonne information.<\/p>\n","protected":false},"excerpt":{"rendered":"<p>Vendre votre propri\u00e9t\u00e9 devrait \u00eatre facile. Mon travail consiste \u00e0 faire en sorte que votre exp\u00e9rience soit harmonieuse et sans stress. Pour pr\u00e9parer votre maison \u00e0 entrer sur le march\u00e9, vous devez notamment organiser vos documents. Ce n\u2019est pas la partie la plus excitante, mais c\u2019est absolument essentiel pour nous assurer que les informations dont [&hellip;]<\/p>\n","protected":false},"author":4,"featured_media":375,"parent":0,"menu_order":0,"comment_status":"closed","ping_status":"closed","template":"template-buysell.php","meta":{"_acf_changed":false,"footnotes":""},"class_list":["post-395","page","type-page","status-publish","has-post-thumbnail","hentry"],"acf":[],"yoast_head":"<!-- This site is optimized with the Yoast SEO plugin v26.2 - https:\/\/yoast.com\/wordpress\/plugins\/seo\/ -->\n<title>Vendeurs - Chad Borgi - Courtier immobilier - M immobilier<\/title>\n<meta name=\"robots\" content=\"index, follow, max-snippet:-1, max-image-preview:large, max-video-preview:-1\" \/>\n<link rel=\"canonical\" href=\"https:\/\/chadborgi.com\/fr\/vendeurs\/\" \/>\n<meta property=\"og:locale\" content=\"fr_FR\" \/>\n<meta property=\"og:type\" content=\"article\" \/>\n<meta property=\"og:title\" content=\"Vendeurs - Chad Borgi - Courtier immobilier - M immobilier\" \/>\n<meta property=\"og:description\" content=\"Vendre votre propri\u00e9t\u00e9 devrait \u00eatre facile. Mon travail consiste \u00e0 faire en sorte que votre exp\u00e9rience soit harmonieuse et sans stress. Pour pr\u00e9parer votre maison \u00e0 entrer sur le march\u00e9, vous devez notamment organiser vos documents. Ce n\u2019est pas la partie la plus excitante, mais c\u2019est absolument essentiel pour nous assurer que les informations dont [&hellip;]\" \/>\n<meta property=\"og:url\" content=\"https:\/\/chadborgi.com\/fr\/vendeurs\/\" \/>\n<meta property=\"og:site_name\" content=\"Chad Borgi\" \/>\n<meta property=\"article:modified_time\" content=\"2023-11-22T18:51:56+00:00\" \/>\n<meta property=\"og:image\" content=\"https:\/\/chadborgi.com\/wp-content\/uploads\/2023\/11\/mtl2.jpg\" \/>\n\t<meta property=\"og:image:width\" content=\"1440\" \/>\n\t<meta property=\"og:image:height\" content=\"682\" \/>\n\t<meta property=\"og:image:type\" content=\"image\/jpeg\" \/>\n<meta name=\"twitter:card\" content=\"summary_large_image\" \/>\n<meta name=\"twitter:label1\" content=\"Dur\u00e9e de lecture estim\u00e9e\" \/>\n\t<meta name=\"twitter:data1\" content=\"1 minute\" \/>\n<script type=\"application\/ld+json\" class=\"yoast-schema-graph\">{\"@context\":\"https:\/\/schema.org\",\"@graph\":[{\"@type\":\"WebPage\",\"@id\":\"https:\/\/chadborgi.com\/fr\/vendeurs\/\",\"url\":\"https:\/\/chadborgi.com\/fr\/vendeurs\/\",\"name\":\"Vendeurs - Chad Borgi - Courtier immobilier - M immobilier\",\"isPartOf\":{\"@id\":\"https:\/\/chadborgi.com\/#website\"},\"primaryImageOfPage\":{\"@id\":\"https:\/\/chadborgi.com\/fr\/vendeurs\/#primaryimage\"},\"image\":{\"@id\":\"https:\/\/chadborgi.com\/fr\/vendeurs\/#primaryimage\"},\"thumbnailUrl\":\"https:\/\/chadborgi.com\/wp-content\/uploads\/2023\/11\/mtl2.jpg\",\"datePublished\":\"2023-10-27T14:42:08+00:00\",\"dateModified\":\"2023-11-22T18:51:56+00:00\",\"inLanguage\":\"fr-FR\",\"potentialAction\":[{\"@type\":\"ReadAction\",\"target\":[\"https:\/\/chadborgi.com\/fr\/vendeurs\/\"]}]},{\"@type\":\"ImageObject\",\"inLanguage\":\"fr-FR\",\"@id\":\"https:\/\/chadborgi.com\/fr\/vendeurs\/#primaryimage\",\"url\":\"https:\/\/chadborgi.com\/wp-content\/uploads\/2023\/11\/mtl2.jpg\",\"contentUrl\":\"https:\/\/chadborgi.com\/wp-content\/uploads\/2023\/11\/mtl2.jpg\",\"width\":1440,\"height\":682},{\"@type\":\"WebSite\",\"@id\":\"https:\/\/chadborgi.com\/#website\",\"url\":\"https:\/\/chadborgi.com\/\",\"name\":\"Chad Borgi\",\"description\":\"Courtier immobilier - M immobilier\",\"potentialAction\":[{\"@type\":\"SearchAction\",\"target\":{\"@type\":\"EntryPoint\",\"urlTemplate\":\"https:\/\/chadborgi.com\/?s={search_term_string}\"},\"query-input\":{\"@type\":\"PropertyValueSpecification\",\"valueRequired\":true,\"valueName\":\"search_term_string\"}}],\"inLanguage\":\"fr-FR\"}]}<\/script>\n<!-- \/ Yoast SEO plugin. -->","yoast_head_json":{"title":"Vendeurs - Chad Borgi - Courtier immobilier - M immobilier","robots":{"index":"index","follow":"follow","max-snippet":"max-snippet:-1","max-image-preview":"max-image-preview:large","max-video-preview":"max-video-preview:-1"},"canonical":"https:\/\/chadborgi.com\/fr\/vendeurs\/","og_locale":"fr_FR","og_type":"article","og_title":"Vendeurs - Chad Borgi - Courtier immobilier - M immobilier","og_description":"Vendre votre propri\u00e9t\u00e9 devrait \u00eatre facile. Mon travail consiste \u00e0 faire en sorte que votre exp\u00e9rience soit harmonieuse et sans stress. Pour pr\u00e9parer votre maison \u00e0 entrer sur le march\u00e9, vous devez notamment organiser vos documents. Ce n\u2019est pas la partie la plus excitante, mais c\u2019est absolument essentiel pour nous assurer que les informations dont [&hellip;]","og_url":"https:\/\/chadborgi.com\/fr\/vendeurs\/","og_site_name":"Chad Borgi","article_modified_time":"2023-11-22T18:51:56+00:00","og_image":[{"width":1440,"height":682,"url":"https:\/\/chadborgi.com\/wp-content\/uploads\/2023\/11\/mtl2.jpg","type":"image\/jpeg"}],"twitter_card":"summary_large_image","twitter_misc":{"Dur\u00e9e de lecture estim\u00e9e":"1 minute"},"schema":{"@context":"https:\/\/schema.org","@graph":[{"@type":"WebPage","@id":"https:\/\/chadborgi.com\/fr\/vendeurs\/","url":"https:\/\/chadborgi.com\/fr\/vendeurs\/","name":"Vendeurs - Chad Borgi - Courtier immobilier - M immobilier","isPartOf":{"@id":"https:\/\/chadborgi.com\/#website"},"primaryImageOfPage":{"@id":"https:\/\/chadborgi.com\/fr\/vendeurs\/#primaryimage"},"image":{"@id":"https:\/\/chadborgi.com\/fr\/vendeurs\/#primaryimage"},"thumbnailUrl":"https:\/\/chadborgi.com\/wp-content\/uploads\/2023\/11\/mtl2.jpg","datePublished":"2023-10-27T14:42:08+00:00","dateModified":"2023-11-22T18:51:56+00:00","inLanguage":"fr-FR","potentialAction":[{"@type":"ReadAction","target":["https:\/\/chadborgi.com\/fr\/vendeurs\/"]}]},{"@type":"ImageObject","inLanguage":"fr-FR","@id":"https:\/\/chadborgi.com\/fr\/vendeurs\/#primaryimage","url":"https:\/\/chadborgi.com\/wp-content\/uploads\/2023\/11\/mtl2.jpg","contentUrl":"https:\/\/chadborgi.com\/wp-content\/uploads\/2023\/11\/mtl2.jpg","width":1440,"height":682},{"@type":"WebSite","@id":"https:\/\/chadborgi.com\/#website","url":"https:\/\/chadborgi.com\/","name":"Chad Borgi","description":"Courtier immobilier - M immobilier","potentialAction":[{"@type":"SearchAction","target":{"@type":"EntryPoint","urlTemplate":"https:\/\/chadborgi.com\/?s={search_term_string}"},"query-input":{"@type":"PropertyValueSpecification","valueRequired":true,"valueName":"search_term_string"}}],"inLanguage":"fr-FR"}]}},"_links":{"self":[{"href":"https:\/\/chadborgi.com\/fr\/wp-json\/wp\/v2\/pages\/395","targetHints":{"allow":["GET"]}}],"collection":[{"href":"https:\/\/chadborgi.com\/fr\/wp-json\/wp\/v2\/pages"}],"about":[{"href":"https:\/\/chadborgi.com\/fr\/wp-json\/wp\/v2\/types\/page"}],"author":[{"embeddable":true,"href":"https:\/\/chadborgi.com\/fr\/wp-json\/wp\/v2\/users\/4"}],"replies":[{"embeddable":true,"href":"https:\/\/chadborgi.com\/fr\/wp-json\/wp\/v2\/comments?post=395"}],"version-history":[{"count":5,"href":"https:\/\/chadborgi.com\/fr\/wp-json\/wp\/v2\/pages\/395\/revisions"}],"predecessor-version":[{"id":443,"href":"https:\/\/chadborgi.com\/fr\/wp-json\/wp\/v2\/pages\/395\/revisions\/443"}],"wp:featuredmedia":[{"embeddable":true,"href":"https:\/\/chadborgi.com\/fr\/wp-json\/wp\/v2\/media\/375"}],"wp:attachment":[{"href":"https:\/\/chadborgi.com\/fr\/wp-json\/wp\/v2\/media?parent=395"}],"curies":[{"name":"wp","href":"https:\/\/api.w.org\/{rel}","templated":true}]}}