{"id":345,"date":"2023-10-27T14:18:53","date_gmt":"2023-10-27T14:18:53","guid":{"rendered":"https:\/\/chadyborgi.com\/buyers\/"},"modified":"2023-11-23T16:35:58","modified_gmt":"2023-11-23T16:35:58","slug":"acheteurs","status":"publish","type":"page","link":"https:\/\/chadborgi.com\/fr\/acheteurs\/","title":{"rendered":"Acheteurs"},"content":{"rendered":"<p>Que vous soyez un premier acheteur ou que vous ayez d\u00e9j\u00e0 acquis quelques propri\u00e9t\u00e9s, l\u2019achat d\u2019une nouvelle maison est excitant! Cela repr\u00e9sente souvent un nouveau chapitre de la vie : vous recherchez peut-\u00eatre une plus grande maison pour la famille qui s\u2019agrandit, une plus petite maison pour votre retraite, un nouveau projet d\u2019investissement, ou vous souhaitez simplement acqu\u00e9rir un sentiment de libert\u00e9. Quelles que soient les raisons pour lesquelles vous avez d\u00e9cid\u00e9 d\u2019acheter une maison, de nombreux facteurs vont influencer votre d\u00e9cision.<\/p>\n<p>Alors, comment vous assurer d\u2019acheter la bonne maison?<\/p>\n<p>R\u00e9diger la liste de vos crit\u00e8res vous permettra de :<\/p>\n<ul>\n<li>Gagner beaucoup de temps<\/li>\n<li>\u00c9viter la montagne russe des \u00e9motions<\/li>\n<li>Vous aligner avec votre conjoint ou partenaire si vous achetez ensemble<\/li>\n<li>Agir rapidement lorsque de nouvelles propri\u00e9t\u00e9s arrivent sur le march\u00e9<\/li>\n<li>\u00catre confiant dans vos choix immobiliers<\/li>\n<\/ul>\n<p><strong>Si vous \u00eates pr\u00eat \u00e0 commencer, entrez vos coordonn\u00e9es ci-dessous.<\/strong><\/p>\n","protected":false},"excerpt":{"rendered":"<p>Que vous soyez un premier acheteur ou que vous ayez d\u00e9j\u00e0 acquis quelques propri\u00e9t\u00e9s, l\u2019achat d\u2019une nouvelle maison est excitant! Cela repr\u00e9sente souvent un nouveau chapitre de la vie : vous recherchez peut-\u00eatre une plus grande maison pour la famille qui s\u2019agrandit, une plus petite maison pour votre retraite, un nouveau projet d\u2019investissement, ou vous [&hellip;]<\/p>\n","protected":false},"author":4,"featured_media":347,"parent":0,"menu_order":0,"comment_status":"closed","ping_status":"closed","template":"template-buysell.php","meta":{"_acf_changed":false,"footnotes":""},"class_list":["post-345","page","type-page","status-publish","has-post-thumbnail","hentry"],"acf":[],"yoast_head":"<!-- This site is optimized with the Yoast SEO plugin v26.2 - https:\/\/yoast.com\/wordpress\/plugins\/seo\/ -->\n<title>Acheteurs - Chad Borgi - Courtier immobilier - M immobilier<\/title>\n<meta name=\"robots\" content=\"index, follow, max-snippet:-1, max-image-preview:large, max-video-preview:-1\" \/>\n<link rel=\"canonical\" href=\"https:\/\/chadborgi.com\/fr\/acheteurs\/\" \/>\n<meta property=\"og:locale\" content=\"fr_FR\" \/>\n<meta property=\"og:type\" content=\"article\" \/>\n<meta property=\"og:title\" content=\"Acheteurs - Chad Borgi - Courtier immobilier - M immobilier\" \/>\n<meta property=\"og:description\" content=\"Que vous soyez un premier acheteur ou que vous ayez d\u00e9j\u00e0 acquis quelques propri\u00e9t\u00e9s, l\u2019achat d\u2019une nouvelle maison est excitant! Cela repr\u00e9sente souvent un nouveau chapitre de la vie : vous recherchez peut-\u00eatre une plus grande maison pour la famille qui s\u2019agrandit, une plus petite maison pour votre retraite, un nouveau projet d\u2019investissement, ou vous [&hellip;]\" \/>\n<meta property=\"og:url\" content=\"https:\/\/chadborgi.com\/fr\/acheteurs\/\" \/>\n<meta property=\"og:site_name\" content=\"Chad Borgi\" \/>\n<meta property=\"article:modified_time\" content=\"2023-11-23T16:35:58+00:00\" \/>\n<meta property=\"og:image\" content=\"https:\/\/chadborgi.com\/wp-content\/uploads\/2023\/11\/houses.jpg\" \/>\n\t<meta property=\"og:image:width\" content=\"1500\" \/>\n\t<meta property=\"og:image:height\" content=\"1028\" \/>\n\t<meta property=\"og:image:type\" content=\"image\/jpeg\" \/>\n<meta name=\"twitter:card\" content=\"summary_large_image\" \/>\n<meta name=\"twitter:label1\" content=\"Dur\u00e9e de lecture estim\u00e9e\" \/>\n\t<meta name=\"twitter:data1\" content=\"1 minute\" \/>\n<script type=\"application\/ld+json\" class=\"yoast-schema-graph\">{\"@context\":\"https:\/\/schema.org\",\"@graph\":[{\"@type\":\"WebPage\",\"@id\":\"https:\/\/chadborgi.com\/fr\/acheteurs\/\",\"url\":\"https:\/\/chadborgi.com\/fr\/acheteurs\/\",\"name\":\"Acheteurs - Chad Borgi - Courtier immobilier - M immobilier\",\"isPartOf\":{\"@id\":\"https:\/\/chadborgi.com\/#website\"},\"primaryImageOfPage\":{\"@id\":\"https:\/\/chadborgi.com\/fr\/acheteurs\/#primaryimage\"},\"image\":{\"@id\":\"https:\/\/chadborgi.com\/fr\/acheteurs\/#primaryimage\"},\"thumbnailUrl\":\"https:\/\/chadborgi.com\/wp-content\/uploads\/2023\/11\/houses.jpg\",\"datePublished\":\"2023-10-27T14:18:53+00:00\",\"dateModified\":\"2023-11-23T16:35:58+00:00\",\"inLanguage\":\"fr-FR\",\"potentialAction\":[{\"@type\":\"ReadAction\",\"target\":[\"https:\/\/chadborgi.com\/fr\/acheteurs\/\"]}]},{\"@type\":\"ImageObject\",\"inLanguage\":\"fr-FR\",\"@id\":\"https:\/\/chadborgi.com\/fr\/acheteurs\/#primaryimage\",\"url\":\"https:\/\/chadborgi.com\/wp-content\/uploads\/2023\/11\/houses.jpg\",\"contentUrl\":\"https:\/\/chadborgi.com\/wp-content\/uploads\/2023\/11\/houses.jpg\",\"width\":1500,\"height\":1028},{\"@type\":\"WebSite\",\"@id\":\"https:\/\/chadborgi.com\/#website\",\"url\":\"https:\/\/chadborgi.com\/\",\"name\":\"Chad Borgi\",\"description\":\"Courtier immobilier - M immobilier\",\"potentialAction\":[{\"@type\":\"SearchAction\",\"target\":{\"@type\":\"EntryPoint\",\"urlTemplate\":\"https:\/\/chadborgi.com\/?s={search_term_string}\"},\"query-input\":{\"@type\":\"PropertyValueSpecification\",\"valueRequired\":true,\"valueName\":\"search_term_string\"}}],\"inLanguage\":\"fr-FR\"}]}<\/script>\n<!-- \/ Yoast SEO plugin. -->","yoast_head_json":{"title":"Acheteurs - Chad Borgi - Courtier immobilier - M immobilier","robots":{"index":"index","follow":"follow","max-snippet":"max-snippet:-1","max-image-preview":"max-image-preview:large","max-video-preview":"max-video-preview:-1"},"canonical":"https:\/\/chadborgi.com\/fr\/acheteurs\/","og_locale":"fr_FR","og_type":"article","og_title":"Acheteurs - Chad Borgi - Courtier immobilier - M immobilier","og_description":"Que vous soyez un premier acheteur ou que vous ayez d\u00e9j\u00e0 acquis quelques propri\u00e9t\u00e9s, l\u2019achat d\u2019une nouvelle maison est excitant! Cela repr\u00e9sente souvent un nouveau chapitre de la vie : vous recherchez peut-\u00eatre une plus grande maison pour la famille qui s\u2019agrandit, une plus petite maison pour votre retraite, un nouveau projet d\u2019investissement, ou vous [&hellip;]","og_url":"https:\/\/chadborgi.com\/fr\/acheteurs\/","og_site_name":"Chad Borgi","article_modified_time":"2023-11-23T16:35:58+00:00","og_image":[{"width":1500,"height":1028,"url":"https:\/\/chadborgi.com\/wp-content\/uploads\/2023\/11\/houses.jpg","type":"image\/jpeg"}],"twitter_card":"summary_large_image","twitter_misc":{"Dur\u00e9e de lecture estim\u00e9e":"1 minute"},"schema":{"@context":"https:\/\/schema.org","@graph":[{"@type":"WebPage","@id":"https:\/\/chadborgi.com\/fr\/acheteurs\/","url":"https:\/\/chadborgi.com\/fr\/acheteurs\/","name":"Acheteurs - Chad Borgi - Courtier immobilier - M immobilier","isPartOf":{"@id":"https:\/\/chadborgi.com\/#website"},"primaryImageOfPage":{"@id":"https:\/\/chadborgi.com\/fr\/acheteurs\/#primaryimage"},"image":{"@id":"https:\/\/chadborgi.com\/fr\/acheteurs\/#primaryimage"},"thumbnailUrl":"https:\/\/chadborgi.com\/wp-content\/uploads\/2023\/11\/houses.jpg","datePublished":"2023-10-27T14:18:53+00:00","dateModified":"2023-11-23T16:35:58+00:00","inLanguage":"fr-FR","potentialAction":[{"@type":"ReadAction","target":["https:\/\/chadborgi.com\/fr\/acheteurs\/"]}]},{"@type":"ImageObject","inLanguage":"fr-FR","@id":"https:\/\/chadborgi.com\/fr\/acheteurs\/#primaryimage","url":"https:\/\/chadborgi.com\/wp-content\/uploads\/2023\/11\/houses.jpg","contentUrl":"https:\/\/chadborgi.com\/wp-content\/uploads\/2023\/11\/houses.jpg","width":1500,"height":1028},{"@type":"WebSite","@id":"https:\/\/chadborgi.com\/#website","url":"https:\/\/chadborgi.com\/","name":"Chad Borgi","description":"Courtier immobilier - M immobilier","potentialAction":[{"@type":"SearchAction","target":{"@type":"EntryPoint","urlTemplate":"https:\/\/chadborgi.com\/?s={search_term_string}"},"query-input":{"@type":"PropertyValueSpecification","valueRequired":true,"valueName":"search_term_string"}}],"inLanguage":"fr-FR"}]}},"_links":{"self":[{"href":"https:\/\/chadborgi.com\/fr\/wp-json\/wp\/v2\/pages\/345","targetHints":{"allow":["GET"]}}],"collection":[{"href":"https:\/\/chadborgi.com\/fr\/wp-json\/wp\/v2\/pages"}],"about":[{"href":"https:\/\/chadborgi.com\/fr\/wp-json\/wp\/v2\/types\/page"}],"author":[{"embeddable":true,"href":"https:\/\/chadborgi.com\/fr\/wp-json\/wp\/v2\/users\/4"}],"replies":[{"embeddable":true,"href":"https:\/\/chadborgi.com\/fr\/wp-json\/wp\/v2\/comments?post=345"}],"version-history":[{"count":4,"href":"https:\/\/chadborgi.com\/fr\/wp-json\/wp\/v2\/pages\/345\/revisions"}],"predecessor-version":[{"id":445,"href":"https:\/\/chadborgi.com\/fr\/wp-json\/wp\/v2\/pages\/345\/revisions\/445"}],"wp:featuredmedia":[{"embeddable":true,"href":"https:\/\/chadborgi.com\/fr\/wp-json\/wp\/v2\/media\/347"}],"wp:attachment":[{"href":"https:\/\/chadborgi.com\/fr\/wp-json\/wp\/v2\/media?parent=345"}],"curies":[{"name":"wp","href":"https:\/\/api.w.org\/{rel}","templated":true}]}}