{"id":326,"date":"2023-10-27T14:54:35","date_gmt":"2023-10-27T14:54:35","guid":{"rendered":"https:\/\/chadyborgi.com\/real-estate-alerts\/"},"modified":"2023-11-22T17:43:43","modified_gmt":"2023-11-22T17:43:43","slug":"alertes-immobiliere","status":"publish","type":"page","link":"https:\/\/chadborgi.com\/fr\/alertes-immobiliere\/","title":{"rendered":"Alertes immobili\u00e8re"},"content":{"rendered":"<div class=\"nice-form black-form\">\n<div class=\"wpcf7 no-js\" id=\"wpcf7-f448-o1\" lang=\"fr-FR\" dir=\"ltr\" data-wpcf7-id=\"448\">\n<div class=\"screen-reader-response\"><p role=\"status\" aria-live=\"polite\" aria-atomic=\"true\"><\/p> <ul><\/ul><\/div>\n<form action=\"\/fr\/wp-json\/wp\/v2\/pages\/326#wpcf7-f448-o1\" method=\"post\" class=\"wpcf7-form init\" aria-label=\"Formulaire de contact\" novalidate=\"novalidate\" data-status=\"init\">\n<fieldset class=\"hidden-fields-container\"><input type=\"hidden\" name=\"_wpcf7\" value=\"448\" \/><input type=\"hidden\" name=\"_wpcf7_version\" value=\"6.1.2\" \/><input type=\"hidden\" name=\"_wpcf7_locale\" value=\"fr_FR\" \/><input type=\"hidden\" name=\"_wpcf7_unit_tag\" value=\"wpcf7-f448-o1\" \/><input type=\"hidden\" name=\"_wpcf7_container_post\" value=\"0\" \/><input type=\"hidden\" name=\"_wpcf7_posted_data_hash\" value=\"\" \/><input type=\"hidden\" name=\"_wpcf7_recaptcha_response\" value=\"\" \/>\n<\/fieldset>\n<div class=\"row\">\n<div class=\"col-md-6 col-12\">\n<h2 class=\"inner-page-title\">Informations g\u00e9n\u00e9rales<\/h2>\n<span class=\"wpcf7-form-control-wrap\" data-name=\"nom\"><input size=\"40\" maxlength=\"400\" class=\"wpcf7-form-control wpcf7-text wpcf7-validates-as-required\" aria-required=\"true\" aria-invalid=\"false\" placeholder=\"Nom\" value=\"\" type=\"text\" name=\"nom\" \/><\/span>\n<span class=\"wpcf7-form-control-wrap\" data-name=\"email\"><input size=\"40\" maxlength=\"400\" class=\"wpcf7-form-control wpcf7-email wpcf7-validates-as-required wpcf7-text wpcf7-validates-as-email\" aria-required=\"true\" aria-invalid=\"false\" placeholder=\"Courriel\" value=\"\" type=\"email\" name=\"email\" \/><\/span>\n<span class=\"wpcf7-form-control-wrap\" data-name=\"phone\"><input size=\"40\" maxlength=\"400\" class=\"wpcf7-form-control wpcf7-tel wpcf7-validates-as-required wpcf7-text wpcf7-validates-as-tel\" aria-required=\"true\" aria-invalid=\"false\" placeholder=\"T\u00e9l\u00e9phone\" value=\"\" type=\"tel\" name=\"phone\" \/><\/span>\n<span class=\"wpcf7-form-control-wrap\" data-name=\"address\"><input size=\"40\" maxlength=\"400\" class=\"wpcf7-form-control wpcf7-text\" aria-invalid=\"false\" placeholder=\"Adresse\" value=\"\" type=\"text\" name=\"address\" \/><\/span>\n<span class=\"wpcf7-form-control-wrap\" data-name=\"city\"><input size=\"40\" maxlength=\"400\" class=\"wpcf7-form-control wpcf7-text\" aria-invalid=\"false\" placeholder=\"Ville\" value=\"\" type=\"text\" name=\"city\" \/><\/span>\n<span class=\"wpcf7-form-control-wrap\" data-name=\"postal\"><input size=\"40\" maxlength=\"400\" class=\"wpcf7-form-control wpcf7-text\" aria-invalid=\"false\" placeholder=\"Code Postal\" value=\"\" type=\"text\" name=\"postal\" \/><\/span>\n<\/div>\n<div class=\"col-md-6 col-12\">\n<h2 class=\"inner-page-title\">D\u00e9tails de la propri\u00e9t\u00e9<\/h2>\n<span class=\"wpcf7-form-control-wrap\" data-name=\"property-type-desktop\"><select class=\"wpcf7-form-control wpcf7-select\" aria-invalid=\"false\" name=\"property-type-desktop\"><option value=\"\">Type de la propri\u00e9t\u00e9<\/option><option value=\"Appartement\">Appartement<\/option><option value=\"B\u00e2timent et vente d\u2019entreprise\">B\u00e2timent et vente d\u2019entreprise<\/option><option value=\"Bungalow\">Bungalow<\/option><option value=\"Chalet\">Chalet<\/option><option value=\"B\u00e2timent commercial et terrain\">B\u00e2timent commercial et terrain<\/option><option value=\"B\u00e2timent commercial \/ bureau\">B\u00e2timent commercial \/ bureau<\/option><option value=\"Espace de location commercial \/ bureau\">Espace de location commercial \/ bureau<\/option><option value=\"Garderie\">Garderie<\/option><option value=\"Duplex\">Duplex<\/option><option value=\"Ferme\">Ferme<\/option><option value=\"Ferme de loisirs\">Ferme de loisirs<\/option><option value=\"B\u00e2timent industriel\">B\u00e2timent industriel<\/option><option value=\"B\u00e2timent industriel et terrain\">B\u00e2timent industriel et terrain<\/option><option value=\"Condo Industriel\">Condo Industriel<\/option><option value=\"Location d\u2019espaces industriels\">Location d\u2019espaces industriels<\/option><option value=\"Loft \/ Studio\">Loft \/ Studio<\/option><option value=\"Maison mobile\">Maison mobile<\/option><option value=\"Maison d\u2019un \u00e9tage et demi\">Maison d\u2019un \u00e9tage et demi<\/option><option value=\"Quadruplex\">Quadruplex<\/option><option value=\"Quintuplex\">Quintuplex<\/option><option value=\"\u00c0 deux niveaux\">\u00c0 deux niveaux<\/option><option value=\"Triplex\">Triplex<\/option><option value=\"Maison \u00e0 \u00e9tages\">Maison \u00e0 \u00e9tages<\/option><option value=\"Terrain vacant\">Terrain vacant<\/option><option value=\"Terre \u00e0 Bois\">Terre \u00e0 Bois<\/option><\/select><\/span>\n<span class=\"wpcf7-form-control-wrap\" data-name=\"bedrooms\"><input class=\"wpcf7-form-control wpcf7-number wpcf7-validates-as-number\" min=\"1\" max=\"25\" aria-invalid=\"false\" placeholder=\"Chambre(s) \u00e0 coucher\" value=\"\" type=\"number\" name=\"bedrooms\" \/><\/span>\n<span class=\"wpcf7-form-control-wrap\" data-name=\"bathrooms\"><input class=\"wpcf7-form-control wpcf7-number wpcf7-validates-as-number\" min=\"1\" max=\"25\" aria-invalid=\"false\" placeholder=\"Salle(s) de bain\" value=\"\" type=\"number\" name=\"bathrooms\" \/><\/span>\n<span class=\"wpcf7-form-control-wrap\" data-name=\"size\"><input class=\"wpcf7-form-control wpcf7-number wpcf7-validates-as-number\" min=\"100\" max=\"10000\" aria-invalid=\"false\" placeholder=\"Taille (pi ca)\" value=\"\" type=\"number\" name=\"size\" \/><\/span>\n<span class=\"wpcf7-form-control-wrap\" data-name=\"features\"><textarea cols=\"40\" rows=\"10\" maxlength=\"2000\" class=\"wpcf7-form-control wpcf7-textarea\" aria-invalid=\"false\" placeholder=\"Caract\u00e9ristiques \/ Commentaires\" name=\"features\"><\/textarea><\/span>\n<\/div>\n<div class=\"col-12 text-center\">\n<button type=\"submit\" class=\"default fill-white\">Envoyer<\/button><\/div>\n<\/div><div class=\"wpcf7-response-output\" aria-hidden=\"true\"><\/div>\n<\/form>\n<\/div>\n<\/div>\n","protected":false},"excerpt":{"rendered":"","protected":false},"author":4,"featured_media":325,"parent":0,"menu_order":0,"comment_status":"closed","ping_status":"closed","template":"template-default.php","meta":{"_acf_changed":false,"footnotes":""},"class_list":["post-326","page","type-page","status-publish","has-post-thumbnail","hentry"],"acf":[],"yoast_head":"<!-- This site is optimized with the Yoast SEO plugin v26.2 - https:\/\/yoast.com\/wordpress\/plugins\/seo\/ -->\n<title>Alertes immobili\u00e8re - Chad Borgi - Courtier immobilier - M immobilier<\/title>\n<meta name=\"robots\" content=\"index, follow, max-snippet:-1, max-image-preview:large, max-video-preview:-1\" \/>\n<link rel=\"canonical\" href=\"https:\/\/chadborgi.com\/fr\/alertes-immobiliere\/\" \/>\n<meta property=\"og:locale\" content=\"fr_FR\" \/>\n<meta property=\"og:type\" content=\"article\" \/>\n<meta property=\"og:title\" content=\"Alertes immobili\u00e8re - Chad Borgi - Courtier immobilier - M immobilier\" \/>\n<meta property=\"og:url\" content=\"https:\/\/chadborgi.com\/fr\/alertes-immobiliere\/\" \/>\n<meta property=\"og:site_name\" content=\"Chad Borgi\" \/>\n<meta property=\"article:modified_time\" content=\"2023-11-22T17:43:43+00:00\" \/>\n<meta property=\"og:image\" content=\"https:\/\/chadborgi.com\/wp-content\/uploads\/2023\/10\/home_staging.jpg\" \/>\n\t<meta property=\"og:image:width\" content=\"2000\" \/>\n\t<meta property=\"og:image:height\" content=\"1335\" \/>\n\t<meta property=\"og:image:type\" content=\"image\/jpeg\" \/>\n<meta name=\"twitter:card\" content=\"summary_large_image\" \/>\n<meta name=\"twitter:label1\" content=\"Dur\u00e9e de lecture estim\u00e9e\" \/>\n\t<meta name=\"twitter:data1\" content=\"1 minute\" \/>\n<script type=\"application\/ld+json\" class=\"yoast-schema-graph\">{\"@context\":\"https:\/\/schema.org\",\"@graph\":[{\"@type\":\"WebPage\",\"@id\":\"https:\/\/chadborgi.com\/fr\/alertes-immobiliere\/\",\"url\":\"https:\/\/chadborgi.com\/fr\/alertes-immobiliere\/\",\"name\":\"Alertes immobili\u00e8re - Chad Borgi - Courtier immobilier - M immobilier\",\"isPartOf\":{\"@id\":\"https:\/\/chadborgi.com\/#website\"},\"primaryImageOfPage\":{\"@id\":\"https:\/\/chadborgi.com\/fr\/alertes-immobiliere\/#primaryimage\"},\"image\":{\"@id\":\"https:\/\/chadborgi.com\/fr\/alertes-immobiliere\/#primaryimage\"},\"thumbnailUrl\":\"https:\/\/chadborgi.com\/wp-content\/uploads\/2023\/10\/home_staging.jpg\",\"datePublished\":\"2023-10-27T14:54:35+00:00\",\"dateModified\":\"2023-11-22T17:43:43+00:00\",\"inLanguage\":\"fr-FR\",\"potentialAction\":[{\"@type\":\"ReadAction\",\"target\":[\"https:\/\/chadborgi.com\/fr\/alertes-immobiliere\/\"]}]},{\"@type\":\"ImageObject\",\"inLanguage\":\"fr-FR\",\"@id\":\"https:\/\/chadborgi.com\/fr\/alertes-immobiliere\/#primaryimage\",\"url\":\"https:\/\/chadborgi.com\/wp-content\/uploads\/2023\/10\/home_staging.jpg\",\"contentUrl\":\"https:\/\/chadborgi.com\/wp-content\/uploads\/2023\/10\/home_staging.jpg\",\"width\":2000,\"height\":1335},{\"@type\":\"WebSite\",\"@id\":\"https:\/\/chadborgi.com\/#website\",\"url\":\"https:\/\/chadborgi.com\/\",\"name\":\"Chad Borgi\",\"description\":\"Courtier immobilier - M immobilier\",\"potentialAction\":[{\"@type\":\"SearchAction\",\"target\":{\"@type\":\"EntryPoint\",\"urlTemplate\":\"https:\/\/chadborgi.com\/?s={search_term_string}\"},\"query-input\":{\"@type\":\"PropertyValueSpecification\",\"valueRequired\":true,\"valueName\":\"search_term_string\"}}],\"inLanguage\":\"fr-FR\"}]}<\/script>\n<!-- \/ Yoast SEO plugin. -->","yoast_head_json":{"title":"Alertes immobili\u00e8re - Chad Borgi - Courtier immobilier - M immobilier","robots":{"index":"index","follow":"follow","max-snippet":"max-snippet:-1","max-image-preview":"max-image-preview:large","max-video-preview":"max-video-preview:-1"},"canonical":"https:\/\/chadborgi.com\/fr\/alertes-immobiliere\/","og_locale":"fr_FR","og_type":"article","og_title":"Alertes immobili\u00e8re - Chad Borgi - Courtier immobilier - M immobilier","og_url":"https:\/\/chadborgi.com\/fr\/alertes-immobiliere\/","og_site_name":"Chad Borgi","article_modified_time":"2023-11-22T17:43:43+00:00","og_image":[{"width":2000,"height":1335,"url":"https:\/\/chadborgi.com\/wp-content\/uploads\/2023\/10\/home_staging.jpg","type":"image\/jpeg"}],"twitter_card":"summary_large_image","twitter_misc":{"Dur\u00e9e de lecture estim\u00e9e":"1 minute"},"schema":{"@context":"https:\/\/schema.org","@graph":[{"@type":"WebPage","@id":"https:\/\/chadborgi.com\/fr\/alertes-immobiliere\/","url":"https:\/\/chadborgi.com\/fr\/alertes-immobiliere\/","name":"Alertes immobili\u00e8re - Chad Borgi - Courtier immobilier - M immobilier","isPartOf":{"@id":"https:\/\/chadborgi.com\/#website"},"primaryImageOfPage":{"@id":"https:\/\/chadborgi.com\/fr\/alertes-immobiliere\/#primaryimage"},"image":{"@id":"https:\/\/chadborgi.com\/fr\/alertes-immobiliere\/#primaryimage"},"thumbnailUrl":"https:\/\/chadborgi.com\/wp-content\/uploads\/2023\/10\/home_staging.jpg","datePublished":"2023-10-27T14:54:35+00:00","dateModified":"2023-11-22T17:43:43+00:00","inLanguage":"fr-FR","potentialAction":[{"@type":"ReadAction","target":["https:\/\/chadborgi.com\/fr\/alertes-immobiliere\/"]}]},{"@type":"ImageObject","inLanguage":"fr-FR","@id":"https:\/\/chadborgi.com\/fr\/alertes-immobiliere\/#primaryimage","url":"https:\/\/chadborgi.com\/wp-content\/uploads\/2023\/10\/home_staging.jpg","contentUrl":"https:\/\/chadborgi.com\/wp-content\/uploads\/2023\/10\/home_staging.jpg","width":2000,"height":1335},{"@type":"WebSite","@id":"https:\/\/chadborgi.com\/#website","url":"https:\/\/chadborgi.com\/","name":"Chad Borgi","description":"Courtier immobilier - M immobilier","potentialAction":[{"@type":"SearchAction","target":{"@type":"EntryPoint","urlTemplate":"https:\/\/chadborgi.com\/?s={search_term_string}"},"query-input":{"@type":"PropertyValueSpecification","valueRequired":true,"valueName":"search_term_string"}}],"inLanguage":"fr-FR"}]}},"_links":{"self":[{"href":"https:\/\/chadborgi.com\/fr\/wp-json\/wp\/v2\/pages\/326","targetHints":{"allow":["GET"]}}],"collection":[{"href":"https:\/\/chadborgi.com\/fr\/wp-json\/wp\/v2\/pages"}],"about":[{"href":"https:\/\/chadborgi.com\/fr\/wp-json\/wp\/v2\/types\/page"}],"author":[{"embeddable":true,"href":"https:\/\/chadborgi.com\/fr\/wp-json\/wp\/v2\/users\/4"}],"replies":[{"embeddable":true,"href":"https:\/\/chadborgi.com\/fr\/wp-json\/wp\/v2\/comments?post=326"}],"version-history":[{"count":1,"href":"https:\/\/chadborgi.com\/fr\/wp-json\/wp\/v2\/pages\/326\/revisions"}],"predecessor-version":[{"id":328,"href":"https:\/\/chadborgi.com\/fr\/wp-json\/wp\/v2\/pages\/326\/revisions\/328"}],"wp:featuredmedia":[{"embeddable":true,"href":"https:\/\/chadborgi.com\/fr\/wp-json\/wp\/v2\/media\/325"}],"wp:attachment":[{"href":"https:\/\/chadborgi.com\/fr\/wp-json\/wp\/v2\/media?parent=326"}],"curies":[{"name":"wp","href":"https:\/\/api.w.org\/{rel}","templated":true}]}}